{"id":15493,"date":"2022-07-29T12:09:16","date_gmt":"2022-07-29T10:09:16","guid":{"rendered":"https:\/\/bbt-automotive.h35.io\/actualites\/"},"modified":"2024-01-08T13:20:51","modified_gmt":"2024-01-08T12:20:51","slug":"actualites","status":"publish","type":"page","link":"https:\/\/bbt-automotive.h35.io\/fr\/actualites\/","title":{"rendered":"Actualit\u00e9s"},"content":{"rendered":"\t\t<div data-elementor-type=\"wp-page\" data-elementor-id=\"15493\" class=\"elementor elementor-15493 elementor-6254\" data-elementor-settings=\"{&quot;ha_cmc_init_switcher&quot;:&quot;no&quot;}\" data-elementor-post-type=\"page\">\n\t\t\t\t\t\t<section class=\"elementor-section elementor-top-section elementor-element elementor-element-a00aa65 elementor-section-boxed elementor-section-height-default elementor-section-height-default\" data-id=\"a00aa65\" data-element_type=\"section\" data-e-type=\"section\" data-settings=\"{&quot;jet_parallax_layout_list&quot;:[{&quot;jet_parallax_layout_image&quot;:{&quot;url&quot;:&quot;&quot;,&quot;id&quot;:&quot;&quot;,&quot;size&quot;:&quot;&quot;},&quot;_id&quot;:&quot;d563632&quot;,&quot;jet_parallax_layout_image_tablet&quot;:{&quot;url&quot;:&quot;&quot;,&quot;id&quot;:&quot;&quot;,&quot;size&quot;:&quot;&quot;},&quot;jet_parallax_layout_image_mobile&quot;:{&quot;url&quot;:&quot;&quot;,&quot;id&quot;:&quot;&quot;,&quot;size&quot;:&quot;&quot;},&quot;jet_parallax_layout_speed&quot;:{&quot;unit&quot;:&quot;%&quot;,&quot;size&quot;:50,&quot;sizes&quot;:[]},&quot;jet_parallax_layout_type&quot;:&quot;scroll&quot;,&quot;jet_parallax_layout_direction&quot;:&quot;1&quot;,&quot;jet_parallax_layout_fx_direction&quot;:null,&quot;jet_parallax_layout_z_index&quot;:&quot;&quot;,&quot;jet_parallax_layout_bg_x&quot;:50,&quot;jet_parallax_layout_bg_x_tablet&quot;:&quot;&quot;,&quot;jet_parallax_layout_bg_x_mobile&quot;:&quot;&quot;,&quot;jet_parallax_layout_bg_y&quot;:50,&quot;jet_parallax_layout_bg_y_tablet&quot;:&quot;&quot;,&quot;jet_parallax_layout_bg_y_mobile&quot;:&quot;&quot;,&quot;jet_parallax_layout_bg_size&quot;:&quot;auto&quot;,&quot;jet_parallax_layout_bg_size_tablet&quot;:&quot;&quot;,&quot;jet_parallax_layout_bg_size_mobile&quot;:&quot;&quot;,&quot;jet_parallax_layout_animation_prop&quot;:&quot;transform&quot;,&quot;jet_parallax_layout_on&quot;:[&quot;desktop&quot;,&quot;tablet&quot;]}],&quot;background_background&quot;:&quot;classic&quot;}\">\n\t\t\t\t\t\t<div class=\"elementor-container elementor-column-gap-default\">\n\t\t\t\t\t<div class=\"elementor-column elementor-col-100 elementor-top-column elementor-element elementor-element-551537b\" data-id=\"551537b\" data-element_type=\"column\" data-e-type=\"column\">\n\t\t\t<div class=\"elementor-widget-wrap elementor-element-populated\">\n\t\t\t\t\t\t<div class=\"elementor-element elementor-element-0ca76df elementor-widget elementor-widget-heading\" data-id=\"0ca76df\" data-element_type=\"widget\" data-e-type=\"widget\" data-widget_type=\"heading.default\">\n\t\t\t\t<div class=\"elementor-widget-container\">\n\t\t\t\t\t<h2 class=\"elementor-heading-title elementor-size-default\">TOUJOURS \u00c0 LA PAGE<\/h2>\t\t\t\t<\/div>\n\t\t\t\t<\/div>\n\t\t\t\t<div class=\"elementor-element elementor-element-e36df97 elementor-widget elementor-widget-heading\" data-id=\"e36df97\" data-element_type=\"widget\" data-e-type=\"widget\" data-widget_type=\"heading.default\">\n\t\t\t\t<div class=\"elementor-widget-container\">\n\t\t\t\t\t<h2 class=\"elementor-heading-title elementor-size-default\">Actualit\u00e9s<\/h2>\t\t\t\t<\/div>\n\t\t\t\t<\/div>\n\t\t\t\t\t<\/div>\n\t\t<\/div>\n\t\t\t\t\t<\/div>\n\t\t<\/section>\n\t\t\t\t<section class=\"elementor-section elementor-top-section elementor-element elementor-element-102b36c elementor-section-boxed elementor-section-height-default elementor-section-height-default\" data-id=\"102b36c\" data-element_type=\"section\" data-e-type=\"section\" data-settings=\"{&quot;jet_parallax_layout_list&quot;:[]}\">\n\t\t\t\t\t\t<div class=\"elementor-container elementor-column-gap-default\">\n\t\t\t\t\t<div class=\"elementor-column elementor-col-100 elementor-top-column elementor-element elementor-element-72904a4\" data-id=\"72904a4\" data-element_type=\"column\" data-e-type=\"column\">\n\t\t\t<div class=\"elementor-widget-wrap\">\n\t\t\t\t\t\t\t<\/div>\n\t\t<\/div>\n\t\t\t\t\t<\/div>\n\t\t<\/section>\n\t\t\t\t<section class=\"elementor-section elementor-top-section elementor-element elementor-element-b2d3d8b elementor-section-boxed elementor-section-height-default elementor-section-height-default\" data-id=\"b2d3d8b\" data-element_type=\"section\" data-e-type=\"section\" data-settings=\"{&quot;jet_parallax_layout_list&quot;:[]}\">\n\t\t\t\t\t\t<div class=\"elementor-container elementor-column-gap-default\">\n\t\t\t\t\t<div class=\"elementor-column elementor-col-50 elementor-top-column elementor-element elementor-element-74e3181\" data-id=\"74e3181\" data-element_type=\"column\" data-e-type=\"column\">\n\t\t\t<div class=\"elementor-widget-wrap elementor-element-populated\">\n\t\t\t\t\t\t<div class=\"elementor-element elementor-element-62b3671 elementor-widget elementor-widget-image\" data-id=\"62b3671\" data-element_type=\"widget\" data-e-type=\"widget\" data-widget_type=\"image.default\">\n\t\t\t\t<div class=\"elementor-widget-container\">\n\t\t\t\t\t\t\t\t\t\t\t\t\t\t\t<img fetchpriority=\"high\" decoding=\"async\" width=\"800\" height=\"304\" src=\"https:\/\/bbt-automotive.h35.io\/wp-content\/uploads\/2022\/12\/Automechanika-2024jpg.jpg\" class=\"attachment-large size-large wp-image-17419\" alt=\"\" srcset=\"https:\/\/bbt-automotive.h35.io\/wp-content\/uploads\/2022\/12\/Automechanika-2024jpg.jpg 1024w, https:\/\/bbt-automotive.h35.io\/wp-content\/uploads\/2022\/12\/Automechanika-2024jpg-300x114.jpg 300w, https:\/\/bbt-automotive.h35.io\/wp-content\/uploads\/2022\/12\/Automechanika-2024jpg-768x292.jpg 768w\" sizes=\"(max-width: 800px) 100vw, 800px\" \/>\t\t\t\t\t\t\t\t\t\t\t\t\t\t\t<\/div>\n\t\t\t\t<\/div>\n\t\t\t\t\t<\/div>\n\t\t<\/div>\n\t\t\t\t<div class=\"elementor-column elementor-col-50 elementor-top-column elementor-element elementor-element-0ebe177\" data-id=\"0ebe177\" data-element_type=\"column\" data-e-type=\"column\">\n\t\t\t<div class=\"elementor-widget-wrap elementor-element-populated\">\n\t\t\t\t\t\t<div class=\"elementor-element elementor-element-a7821b3 elementor-widget elementor-widget-heading\" data-id=\"a7821b3\" data-element_type=\"widget\" data-e-type=\"widget\" data-widget_type=\"heading.default\">\n\t\t\t\t<div class=\"elementor-widget-container\">\n\t\t\t\t\t<h2 class=\"elementor-heading-title elementor-size-default\">Automechanika 2024<\/h2>\t\t\t\t<\/div>\n\t\t\t\t<\/div>\n\t\t\t\t<div class=\"elementor-element elementor-element-2fa96c8 elementor-widget elementor-widget-text-editor\" data-id=\"2fa96c8\" data-element_type=\"widget\" data-e-type=\"widget\" data-widget_type=\"text-editor.default\">\n\t\t\t\t<div class=\"elementor-widget-container\">\n\t\t\t\t\t\t\t\t\t<p>BBT sera exposant au salon Automechanika Frankfurt du 10 au 14 septembre 2024. Rendez-nous visite \u00e0 notre<br>stand, num\u00e9ro de stand A40 dans le hall 3.0, nous nous<br>r\u00e9jouissons de votre visite.<\/p>\t\t\t\t\t\t\t\t<\/div>\n\t\t\t\t<\/div>\n\t\t\t\t<div class=\"elementor-element elementor-element-1a8de83 elementor-widget elementor-widget-button\" data-id=\"1a8de83\" data-element_type=\"widget\" data-e-type=\"widget\" data-widget_type=\"button.default\">\n\t\t\t\t<div class=\"elementor-widget-container\">\n\t\t\t\t\t\t\t\t\t<div class=\"elementor-button-wrapper\">\n\t\t\t\t\t<a class=\"elementor-button elementor-button-link elementor-size-sm\" href=\"https:\/\/outlook.office365.com\/owa\/calendar\/BBTAutomotiveComponentsGmbHKopie@bbt-automotive.de\/bookings\/s\/3_7FxPCaW0u21G3Uh1KufQ2\" target=\"_blank\">\n\t\t\t\t\t\t<span class=\"elementor-button-content-wrapper\">\n\t\t\t\t\t\t\t\t\t<span class=\"elementor-button-text\">Fixer une date pour le salon<\/span>\n\t\t\t\t\t<\/span>\n\t\t\t\t\t<\/a>\n\t\t\t\t<\/div>\n\t\t\t\t\t\t\t\t<\/div>\n\t\t\t\t<\/div>\n\t\t\t\t\t<\/div>\n\t\t<\/div>\n\t\t\t\t\t<\/div>\n\t\t<\/section>\n\t\t\t\t<\/div>\n\t\t","protected":false},"excerpt":{"rendered":"<p>TOUJOURS \u00c0 LA PAGE Actualit\u00e9s Automechanika 2024 BBT sera exposant au salon Automechanika Frankfurt du 10 au 14 septembre 2024. Rendez-nous visite \u00e0 notrestand, num\u00e9ro de stand A40 dans le hall 3.0, nous nousr\u00e9jouissons de votre visite. Fixer une date pour le salon<\/p>\n","protected":false},"author":3,"featured_media":0,"parent":0,"menu_order":0,"comment_status":"closed","ping_status":"closed","template":"","meta":{"footnotes":""},"class_list":["post-15493","page","type-page","status-publish","hentry"],"yoast_head":"<!-- This site is optimized with the Yoast SEO plugin v27.3 - https:\/\/yoast.com\/product\/yoast-seo-wordpress\/ -->\n<title>Actualit\u00e9s - BBT automotive<\/title>\n<meta name=\"robots\" content=\"noindex, follow, max-snippet:-1, max-image-preview:large, max-video-preview:-1\" \/>\n<meta property=\"og:locale\" content=\"fr_FR\" \/>\n<meta property=\"og:type\" content=\"article\" \/>\n<meta property=\"og:title\" content=\"Actualit\u00e9s - BBT automotive\" \/>\n<meta property=\"og:description\" content=\"TOUJOURS \u00c0 LA PAGE Actualit\u00e9s Automechanika 2024 BBT sera exposant au salon Automechanika Frankfurt du 10 au 14 septembre 2024. Rendez-nous visite \u00e0 notrestand, num\u00e9ro de stand A40 dans le hall 3.0, nous nousr\u00e9jouissons de votre visite. Fixer une date pour le salon\" \/>\n<meta property=\"og:url\" content=\"https:\/\/bbt-automotive.h35.io\/fr\/actualites\/\" \/>\n<meta property=\"og:site_name\" content=\"BBT automotive\" \/>\n<meta property=\"article:modified_time\" content=\"2024-01-08T12:20:51+00:00\" \/>\n<meta property=\"og:image\" content=\"https:\/\/bbt-automotive.h35.io\/wp-content\/uploads\/2022\/12\/Automechanika-2024jpg.jpg\" \/>\n<meta name=\"twitter:card\" content=\"summary_large_image\" \/>\n<meta name=\"twitter:label1\" content=\"Dur\u00e9e de lecture estim\u00e9e\" \/>\n\t<meta name=\"twitter:data1\" content=\"1 minute\" \/>\n<script type=\"application\/ld+json\" class=\"yoast-schema-graph\">{\"@context\":\"https:\\\/\\\/schema.org\",\"@graph\":[{\"@type\":\"WebPage\",\"@id\":\"https:\\\/\\\/bbt-automotive.h35.io\\\/fr\\\/actualites\\\/\",\"url\":\"https:\\\/\\\/bbt-automotive.h35.io\\\/fr\\\/actualites\\\/\",\"name\":\"Actualit\u00e9s - BBT automotive\",\"isPartOf\":{\"@id\":\"https:\\\/\\\/bbt-automotive.h35.io\\\/fr\\\/#website\"},\"primaryImageOfPage\":{\"@id\":\"https:\\\/\\\/bbt-automotive.h35.io\\\/fr\\\/actualites\\\/#primaryimage\"},\"image\":{\"@id\":\"https:\\\/\\\/bbt-automotive.h35.io\\\/fr\\\/actualites\\\/#primaryimage\"},\"thumbnailUrl\":\"https:\\\/\\\/bbt-automotive.h35.io\\\/wp-content\\\/uploads\\\/2022\\\/12\\\/Automechanika-2024jpg.jpg\",\"datePublished\":\"2022-07-29T10:09:16+00:00\",\"dateModified\":\"2024-01-08T12:20:51+00:00\",\"breadcrumb\":{\"@id\":\"https:\\\/\\\/bbt-automotive.h35.io\\\/fr\\\/actualites\\\/#breadcrumb\"},\"inLanguage\":\"fr-FR\",\"potentialAction\":[{\"@type\":\"ReadAction\",\"target\":[\"https:\\\/\\\/bbt-automotive.h35.io\\\/fr\\\/actualites\\\/\"]}]},{\"@type\":\"ImageObject\",\"inLanguage\":\"fr-FR\",\"@id\":\"https:\\\/\\\/bbt-automotive.h35.io\\\/fr\\\/actualites\\\/#primaryimage\",\"url\":\"https:\\\/\\\/bbt-automotive.h35.io\\\/wp-content\\\/uploads\\\/2022\\\/12\\\/Automechanika-2024jpg.jpg\",\"contentUrl\":\"https:\\\/\\\/bbt-automotive.h35.io\\\/wp-content\\\/uploads\\\/2022\\\/12\\\/Automechanika-2024jpg.jpg\"},{\"@type\":\"BreadcrumbList\",\"@id\":\"https:\\\/\\\/bbt-automotive.h35.io\\\/fr\\\/actualites\\\/#breadcrumb\",\"itemListElement\":[{\"@type\":\"ListItem\",\"position\":1,\"name\":\"Startseite\",\"item\":\"https:\\\/\\\/bbt-automotive.h35.io\\\/fr\\\/\"},{\"@type\":\"ListItem\",\"position\":2,\"name\":\"Actualit\u00e9s\"}]},{\"@type\":\"WebSite\",\"@id\":\"https:\\\/\\\/bbt-automotive.h35.io\\\/fr\\\/#website\",\"url\":\"https:\\\/\\\/bbt-automotive.h35.io\\\/fr\\\/\",\"name\":\"BBT automotive\",\"description\":\"\",\"publisher\":{\"@id\":\"https:\\\/\\\/bbt-automotive.h35.io\\\/fr\\\/#organization\"},\"potentialAction\":[{\"@type\":\"SearchAction\",\"target\":{\"@type\":\"EntryPoint\",\"urlTemplate\":\"https:\\\/\\\/bbt-automotive.h35.io\\\/fr\\\/?s={search_term_string}\"},\"query-input\":{\"@type\":\"PropertyValueSpecification\",\"valueRequired\":true,\"valueName\":\"search_term_string\"}}],\"inLanguage\":\"fr-FR\"},{\"@type\":\"Organization\",\"@id\":\"https:\\\/\\\/bbt-automotive.h35.io\\\/fr\\\/#organization\",\"name\":\"BBT automotive\",\"url\":\"https:\\\/\\\/bbt-automotive.h35.io\\\/fr\\\/\",\"logo\":{\"@type\":\"ImageObject\",\"inLanguage\":\"fr-FR\",\"@id\":\"https:\\\/\\\/bbt-automotive.h35.io\\\/fr\\\/#\\\/schema\\\/logo\\\/image\\\/\",\"url\":\"https:\\\/\\\/bbt-automotive.h35.io\\\/wp-content\\\/uploads\\\/2021\\\/11\\\/Logo-BBT.png\",\"contentUrl\":\"https:\\\/\\\/bbt-automotive.h35.io\\\/wp-content\\\/uploads\\\/2021\\\/11\\\/Logo-BBT.png\",\"width\":188,\"height\":114,\"caption\":\"BBT automotive\"},\"image\":{\"@id\":\"https:\\\/\\\/bbt-automotive.h35.io\\\/fr\\\/#\\\/schema\\\/logo\\\/image\\\/\"}}]}<\/script>\n<!-- \/ Yoast SEO plugin. -->","yoast_head_json":{"title":"Actualit\u00e9s - BBT automotive","robots":{"index":"noindex","follow":"follow","max-snippet":"max-snippet:-1","max-image-preview":"max-image-preview:large","max-video-preview":"max-video-preview:-1"},"og_locale":"fr_FR","og_type":"article","og_title":"Actualit\u00e9s - BBT automotive","og_description":"TOUJOURS \u00c0 LA PAGE Actualit\u00e9s Automechanika 2024 BBT sera exposant au salon Automechanika Frankfurt du 10 au 14 septembre 2024. Rendez-nous visite \u00e0 notrestand, num\u00e9ro de stand A40 dans le hall 3.0, nous nousr\u00e9jouissons de votre visite. Fixer une date pour le salon","og_url":"https:\/\/bbt-automotive.h35.io\/fr\/actualites\/","og_site_name":"BBT automotive","article_modified_time":"2024-01-08T12:20:51+00:00","og_image":[{"url":"https:\/\/bbt-automotive.h35.io\/wp-content\/uploads\/2022\/12\/Automechanika-2024jpg.jpg","type":"","width":"","height":""}],"twitter_card":"summary_large_image","twitter_misc":{"Dur\u00e9e de lecture estim\u00e9e":"1 minute"},"schema":{"@context":"https:\/\/schema.org","@graph":[{"@type":"WebPage","@id":"https:\/\/bbt-automotive.h35.io\/fr\/actualites\/","url":"https:\/\/bbt-automotive.h35.io\/fr\/actualites\/","name":"Actualit\u00e9s - BBT automotive","isPartOf":{"@id":"https:\/\/bbt-automotive.h35.io\/fr\/#website"},"primaryImageOfPage":{"@id":"https:\/\/bbt-automotive.h35.io\/fr\/actualites\/#primaryimage"},"image":{"@id":"https:\/\/bbt-automotive.h35.io\/fr\/actualites\/#primaryimage"},"thumbnailUrl":"https:\/\/bbt-automotive.h35.io\/wp-content\/uploads\/2022\/12\/Automechanika-2024jpg.jpg","datePublished":"2022-07-29T10:09:16+00:00","dateModified":"2024-01-08T12:20:51+00:00","breadcrumb":{"@id":"https:\/\/bbt-automotive.h35.io\/fr\/actualites\/#breadcrumb"},"inLanguage":"fr-FR","potentialAction":[{"@type":"ReadAction","target":["https:\/\/bbt-automotive.h35.io\/fr\/actualites\/"]}]},{"@type":"ImageObject","inLanguage":"fr-FR","@id":"https:\/\/bbt-automotive.h35.io\/fr\/actualites\/#primaryimage","url":"https:\/\/bbt-automotive.h35.io\/wp-content\/uploads\/2022\/12\/Automechanika-2024jpg.jpg","contentUrl":"https:\/\/bbt-automotive.h35.io\/wp-content\/uploads\/2022\/12\/Automechanika-2024jpg.jpg"},{"@type":"BreadcrumbList","@id":"https:\/\/bbt-automotive.h35.io\/fr\/actualites\/#breadcrumb","itemListElement":[{"@type":"ListItem","position":1,"name":"Startseite","item":"https:\/\/bbt-automotive.h35.io\/fr\/"},{"@type":"ListItem","position":2,"name":"Actualit\u00e9s"}]},{"@type":"WebSite","@id":"https:\/\/bbt-automotive.h35.io\/fr\/#website","url":"https:\/\/bbt-automotive.h35.io\/fr\/","name":"BBT automotive","description":"","publisher":{"@id":"https:\/\/bbt-automotive.h35.io\/fr\/#organization"},"potentialAction":[{"@type":"SearchAction","target":{"@type":"EntryPoint","urlTemplate":"https:\/\/bbt-automotive.h35.io\/fr\/?s={search_term_string}"},"query-input":{"@type":"PropertyValueSpecification","valueRequired":true,"valueName":"search_term_string"}}],"inLanguage":"fr-FR"},{"@type":"Organization","@id":"https:\/\/bbt-automotive.h35.io\/fr\/#organization","name":"BBT automotive","url":"https:\/\/bbt-automotive.h35.io\/fr\/","logo":{"@type":"ImageObject","inLanguage":"fr-FR","@id":"https:\/\/bbt-automotive.h35.io\/fr\/#\/schema\/logo\/image\/","url":"https:\/\/bbt-automotive.h35.io\/wp-content\/uploads\/2021\/11\/Logo-BBT.png","contentUrl":"https:\/\/bbt-automotive.h35.io\/wp-content\/uploads\/2021\/11\/Logo-BBT.png","width":188,"height":114,"caption":"BBT automotive"},"image":{"@id":"https:\/\/bbt-automotive.h35.io\/fr\/#\/schema\/logo\/image\/"}}]}},"_links":{"self":[{"href":"https:\/\/bbt-automotive.h35.io\/fr\/wp-json\/wp\/v2\/pages\/15493","targetHints":{"allow":["GET"]}}],"collection":[{"href":"https:\/\/bbt-automotive.h35.io\/fr\/wp-json\/wp\/v2\/pages"}],"about":[{"href":"https:\/\/bbt-automotive.h35.io\/fr\/wp-json\/wp\/v2\/types\/page"}],"author":[{"embeddable":true,"href":"https:\/\/bbt-automotive.h35.io\/fr\/wp-json\/wp\/v2\/users\/3"}],"replies":[{"embeddable":true,"href":"https:\/\/bbt-automotive.h35.io\/fr\/wp-json\/wp\/v2\/comments?post=15493"}],"version-history":[{"count":34,"href":"https:\/\/bbt-automotive.h35.io\/fr\/wp-json\/wp\/v2\/pages\/15493\/revisions"}],"predecessor-version":[{"id":25772,"href":"https:\/\/bbt-automotive.h35.io\/fr\/wp-json\/wp\/v2\/pages\/15493\/revisions\/25772"}],"wp:attachment":[{"href":"https:\/\/bbt-automotive.h35.io\/fr\/wp-json\/wp\/v2\/media?parent=15493"}],"curies":[{"name":"wp","href":"https:\/\/api.w.org\/{rel}","templated":true}]}}