{"id":15501,"date":"2022-07-29T12:09:16","date_gmt":"2022-07-29T10:09:16","guid":{"rendered":"https:\/\/bbt-automotive.h35.io\/noticias\/"},"modified":"2024-01-08T13:21:20","modified_gmt":"2024-01-08T12:21:20","slug":"noticias","status":"publish","type":"page","link":"https:\/\/bbt-automotive.h35.io\/es\/noticias\/","title":{"rendered":"Noticias"},"content":{"rendered":"\t\t<div data-elementor-type=\"wp-page\" data-elementor-id=\"15501\" class=\"elementor elementor-15501 elementor-6254\" data-elementor-settings=\"{&quot;ha_cmc_init_switcher&quot;:&quot;no&quot;}\" data-elementor-post-type=\"page\">\n\t\t\t\t\t\t<section class=\"elementor-section elementor-top-section elementor-element elementor-element-a00aa65 elementor-section-boxed elementor-section-height-default elementor-section-height-default\" data-id=\"a00aa65\" data-element_type=\"section\" data-e-type=\"section\" data-settings=\"{&quot;jet_parallax_layout_list&quot;:[{&quot;jet_parallax_layout_image&quot;:{&quot;url&quot;:&quot;&quot;,&quot;id&quot;:&quot;&quot;,&quot;size&quot;:&quot;&quot;},&quot;_id&quot;:&quot;d563632&quot;,&quot;jet_parallax_layout_image_tablet&quot;:{&quot;url&quot;:&quot;&quot;,&quot;id&quot;:&quot;&quot;,&quot;size&quot;:&quot;&quot;},&quot;jet_parallax_layout_image_mobile&quot;:{&quot;url&quot;:&quot;&quot;,&quot;id&quot;:&quot;&quot;,&quot;size&quot;:&quot;&quot;},&quot;jet_parallax_layout_speed&quot;:{&quot;unit&quot;:&quot;%&quot;,&quot;size&quot;:50,&quot;sizes&quot;:[]},&quot;jet_parallax_layout_type&quot;:&quot;scroll&quot;,&quot;jet_parallax_layout_direction&quot;:&quot;1&quot;,&quot;jet_parallax_layout_fx_direction&quot;:null,&quot;jet_parallax_layout_z_index&quot;:&quot;&quot;,&quot;jet_parallax_layout_bg_x&quot;:50,&quot;jet_parallax_layout_bg_x_tablet&quot;:&quot;&quot;,&quot;jet_parallax_layout_bg_x_mobile&quot;:&quot;&quot;,&quot;jet_parallax_layout_bg_y&quot;:50,&quot;jet_parallax_layout_bg_y_tablet&quot;:&quot;&quot;,&quot;jet_parallax_layout_bg_y_mobile&quot;:&quot;&quot;,&quot;jet_parallax_layout_bg_size&quot;:&quot;auto&quot;,&quot;jet_parallax_layout_bg_size_tablet&quot;:&quot;&quot;,&quot;jet_parallax_layout_bg_size_mobile&quot;:&quot;&quot;,&quot;jet_parallax_layout_animation_prop&quot;:&quot;transform&quot;,&quot;jet_parallax_layout_on&quot;:[&quot;desktop&quot;,&quot;tablet&quot;]}],&quot;background_background&quot;:&quot;classic&quot;}\">\n\t\t\t\t\t\t<div class=\"elementor-container elementor-column-gap-default\">\n\t\t\t\t\t<div class=\"elementor-column elementor-col-100 elementor-top-column elementor-element elementor-element-551537b\" data-id=\"551537b\" data-element_type=\"column\" data-e-type=\"column\">\n\t\t\t<div class=\"elementor-widget-wrap elementor-element-populated\">\n\t\t\t\t\t\t<div class=\"elementor-element elementor-element-0ca76df elementor-widget elementor-widget-heading\" data-id=\"0ca76df\" data-element_type=\"widget\" data-e-type=\"widget\" data-widget_type=\"heading.default\">\n\t\t\t\t<div class=\"elementor-widget-container\">\n\t\t\t\t\t<h2 class=\"elementor-heading-title elementor-size-default\">SIEMPRE EN MARCHA<\/h2>\t\t\t\t<\/div>\n\t\t\t\t<\/div>\n\t\t\t\t<div class=\"elementor-element elementor-element-e36df97 elementor-widget elementor-widget-heading\" data-id=\"e36df97\" data-element_type=\"widget\" data-e-type=\"widget\" data-widget_type=\"heading.default\">\n\t\t\t\t<div class=\"elementor-widget-container\">\n\t\t\t\t\t<h2 class=\"elementor-heading-title elementor-size-default\">Noticias<\/h2>\t\t\t\t<\/div>\n\t\t\t\t<\/div>\n\t\t\t\t\t<\/div>\n\t\t<\/div>\n\t\t\t\t\t<\/div>\n\t\t<\/section>\n\t\t\t\t<section class=\"elementor-section elementor-top-section elementor-element elementor-element-908e8a7 elementor-section-boxed elementor-section-height-default elementor-section-height-default\" data-id=\"908e8a7\" data-element_type=\"section\" data-e-type=\"section\" data-settings=\"{&quot;jet_parallax_layout_list&quot;:[]}\">\n\t\t\t\t\t\t<div class=\"elementor-container elementor-column-gap-default\">\n\t\t\t\t\t<div class=\"elementor-column elementor-col-100 elementor-top-column elementor-element elementor-element-c1d4e34\" data-id=\"c1d4e34\" data-element_type=\"column\" data-e-type=\"column\">\n\t\t\t<div class=\"elementor-widget-wrap\">\n\t\t\t\t\t\t\t<\/div>\n\t\t<\/div>\n\t\t\t\t\t<\/div>\n\t\t<\/section>\n\t\t\t\t<section class=\"elementor-section elementor-top-section elementor-element elementor-element-b2d3d8b elementor-section-boxed elementor-section-height-default elementor-section-height-default\" data-id=\"b2d3d8b\" data-element_type=\"section\" data-e-type=\"section\" data-settings=\"{&quot;jet_parallax_layout_list&quot;:[]}\">\n\t\t\t\t\t\t<div class=\"elementor-container elementor-column-gap-default\">\n\t\t\t\t\t<div class=\"elementor-column elementor-col-50 elementor-top-column elementor-element elementor-element-74e3181\" data-id=\"74e3181\" data-element_type=\"column\" data-e-type=\"column\">\n\t\t\t<div class=\"elementor-widget-wrap elementor-element-populated\">\n\t\t\t\t\t\t<div class=\"elementor-element elementor-element-76ae2a9 elementor-widget elementor-widget-image\" data-id=\"76ae2a9\" data-element_type=\"widget\" data-e-type=\"widget\" data-widget_type=\"image.default\">\n\t\t\t\t<div class=\"elementor-widget-container\">\n\t\t\t\t\t\t\t\t\t\t\t\t\t\t\t<img fetchpriority=\"high\" decoding=\"async\" width=\"800\" height=\"304\" src=\"https:\/\/bbt-automotive.h35.io\/wp-content\/uploads\/2022\/12\/Automechanika-2024jpg.jpg\" class=\"attachment-large size-large wp-image-17420\" alt=\"\" srcset=\"https:\/\/bbt-automotive.h35.io\/wp-content\/uploads\/2022\/12\/Automechanika-2024jpg.jpg 1024w, https:\/\/bbt-automotive.h35.io\/wp-content\/uploads\/2022\/12\/Automechanika-2024jpg-300x114.jpg 300w, https:\/\/bbt-automotive.h35.io\/wp-content\/uploads\/2022\/12\/Automechanika-2024jpg-768x292.jpg 768w\" sizes=\"(max-width: 800px) 100vw, 800px\" \/>\t\t\t\t\t\t\t\t\t\t\t\t\t\t\t<\/div>\n\t\t\t\t<\/div>\n\t\t\t\t\t<\/div>\n\t\t<\/div>\n\t\t\t\t<div class=\"elementor-column elementor-col-50 elementor-top-column elementor-element elementor-element-0ebe177\" data-id=\"0ebe177\" data-element_type=\"column\" data-e-type=\"column\">\n\t\t\t<div class=\"elementor-widget-wrap elementor-element-populated\">\n\t\t\t\t\t\t<div class=\"elementor-element elementor-element-a7821b3 elementor-widget elementor-widget-heading\" data-id=\"a7821b3\" data-element_type=\"widget\" data-e-type=\"widget\" data-widget_type=\"heading.default\">\n\t\t\t\t<div class=\"elementor-widget-container\">\n\t\t\t\t\t<h2 class=\"elementor-heading-title elementor-size-default\">Automechanika 2024<\/h2>\t\t\t\t<\/div>\n\t\t\t\t<\/div>\n\t\t\t\t<div class=\"elementor-element elementor-element-8f84518 elementor-widget elementor-widget-text-editor\" data-id=\"8f84518\" data-element_type=\"widget\" data-e-type=\"widget\" data-widget_type=\"text-editor.default\">\n\t\t\t\t<div class=\"elementor-widget-container\">\n\t\t\t\t\t\t\t\t\t<p>BBT expondr\u00e1 en la feria Automechanika de Frankfurt del 10 al 14 de septiembre de 2024. Vis\u00edtenos en nuestro<br>\nestand A40 de la feria, en el pabell\u00f3n 3.0. Esperamos su<br>\nvisita.<\/p>\t\t\t\t\t\t\t\t<\/div>\n\t\t\t\t<\/div>\n\t\t\t\t<div class=\"elementor-element elementor-element-1a8de83 elementor-widget elementor-widget-button\" data-id=\"1a8de83\" data-element_type=\"widget\" data-e-type=\"widget\" data-widget_type=\"button.default\">\n\t\t\t\t<div class=\"elementor-widget-container\">\n\t\t\t\t\t\t\t\t\t<div class=\"elementor-button-wrapper\">\n\t\t\t\t\t<a class=\"elementor-button elementor-button-link elementor-size-sm\" href=\"https:\/\/outlook.office365.com\/owa\/calendar\/BBTAutomotiveComponentsGmbHKopie@bbt-automotive.de\/bookings\/s\/3_7FxPCaW0u21G3Uh1KufQ2\" target=\"_blank\">\n\t\t\t\t\t\t<span class=\"elementor-button-content-wrapper\">\n\t\t\t\t\t\t\t\t\t<span class=\"elementor-button-text\">Concertar cita en la feria<\/span>\n\t\t\t\t\t<\/span>\n\t\t\t\t\t<\/a>\n\t\t\t\t<\/div>\n\t\t\t\t\t\t\t\t<\/div>\n\t\t\t\t<\/div>\n\t\t\t\t\t<\/div>\n\t\t<\/div>\n\t\t\t\t\t<\/div>\n\t\t<\/section>\n\t\t\t\t<\/div>\n\t\t","protected":false},"excerpt":{"rendered":"<p>SIEMPRE EN MARCHA Noticias Automechanika 2024 BBT expondr\u00e1 en la feria Automechanika de Frankfurt del 10 al 14 de septiembre de 2024. Vis\u00edtenos en nuestro estand A40 de la feria, en el pabell\u00f3n 3.0. Esperamos su visita. Concertar cita en la feria<\/p>\n","protected":false},"author":3,"featured_media":0,"parent":0,"menu_order":0,"comment_status":"closed","ping_status":"closed","template":"","meta":{"footnotes":""},"class_list":["post-15501","page","type-page","status-publish","hentry"],"yoast_head":"<!-- This site is optimized with the Yoast SEO plugin v27.3 - https:\/\/yoast.com\/product\/yoast-seo-wordpress\/ -->\n<title>Noticias - BBT automotive<\/title>\n<meta name=\"robots\" content=\"noindex, follow, max-snippet:-1, max-image-preview:large, max-video-preview:-1\" \/>\n<meta property=\"og:locale\" content=\"es_ES\" \/>\n<meta property=\"og:type\" content=\"article\" \/>\n<meta property=\"og:title\" content=\"Noticias - BBT automotive\" \/>\n<meta property=\"og:description\" content=\"SIEMPRE EN MARCHA Noticias Automechanika 2024 BBT expondr\u00e1 en la feria Automechanika de Frankfurt del 10 al 14 de septiembre de 2024. Vis\u00edtenos en nuestro estand A40 de la feria, en el pabell\u00f3n 3.0. Esperamos su visita. Concertar cita en la feria\" \/>\n<meta property=\"og:url\" content=\"https:\/\/bbt-automotive.h35.io\/es\/noticias\/\" \/>\n<meta property=\"og:site_name\" content=\"BBT automotive\" \/>\n<meta property=\"article:modified_time\" content=\"2024-01-08T12:21:20+00:00\" \/>\n<meta property=\"og:image\" content=\"https:\/\/bbt-automotive.h35.io\/wp-content\/uploads\/2022\/12\/Automechanika-2024jpg.jpg\" \/>\n<meta name=\"twitter:card\" content=\"summary_large_image\" \/>\n<meta name=\"twitter:label1\" content=\"Tiempo de lectura\" \/>\n\t<meta name=\"twitter:data1\" content=\"1 minuto\" \/>\n<script type=\"application\/ld+json\" class=\"yoast-schema-graph\">{\"@context\":\"https:\\\/\\\/schema.org\",\"@graph\":[{\"@type\":\"WebPage\",\"@id\":\"https:\\\/\\\/bbt-automotive.h35.io\\\/es\\\/noticias\\\/\",\"url\":\"https:\\\/\\\/bbt-automotive.h35.io\\\/es\\\/noticias\\\/\",\"name\":\"Noticias - BBT automotive\",\"isPartOf\":{\"@id\":\"https:\\\/\\\/bbt-automotive.h35.io\\\/es\\\/#website\"},\"primaryImageOfPage\":{\"@id\":\"https:\\\/\\\/bbt-automotive.h35.io\\\/es\\\/noticias\\\/#primaryimage\"},\"image\":{\"@id\":\"https:\\\/\\\/bbt-automotive.h35.io\\\/es\\\/noticias\\\/#primaryimage\"},\"thumbnailUrl\":\"https:\\\/\\\/bbt-automotive.h35.io\\\/wp-content\\\/uploads\\\/2022\\\/12\\\/Automechanika-2024jpg.jpg\",\"datePublished\":\"2022-07-29T10:09:16+00:00\",\"dateModified\":\"2024-01-08T12:21:20+00:00\",\"breadcrumb\":{\"@id\":\"https:\\\/\\\/bbt-automotive.h35.io\\\/es\\\/noticias\\\/#breadcrumb\"},\"inLanguage\":\"es\",\"potentialAction\":[{\"@type\":\"ReadAction\",\"target\":[\"https:\\\/\\\/bbt-automotive.h35.io\\\/es\\\/noticias\\\/\"]}]},{\"@type\":\"ImageObject\",\"inLanguage\":\"es\",\"@id\":\"https:\\\/\\\/bbt-automotive.h35.io\\\/es\\\/noticias\\\/#primaryimage\",\"url\":\"https:\\\/\\\/bbt-automotive.h35.io\\\/wp-content\\\/uploads\\\/2022\\\/12\\\/Automechanika-2024jpg.jpg\",\"contentUrl\":\"https:\\\/\\\/bbt-automotive.h35.io\\\/wp-content\\\/uploads\\\/2022\\\/12\\\/Automechanika-2024jpg.jpg\"},{\"@type\":\"BreadcrumbList\",\"@id\":\"https:\\\/\\\/bbt-automotive.h35.io\\\/es\\\/noticias\\\/#breadcrumb\",\"itemListElement\":[{\"@type\":\"ListItem\",\"position\":1,\"name\":\"Startseite\",\"item\":\"https:\\\/\\\/bbt-automotive.h35.io\\\/es\\\/\"},{\"@type\":\"ListItem\",\"position\":2,\"name\":\"Noticias\"}]},{\"@type\":\"WebSite\",\"@id\":\"https:\\\/\\\/bbt-automotive.h35.io\\\/es\\\/#website\",\"url\":\"https:\\\/\\\/bbt-automotive.h35.io\\\/es\\\/\",\"name\":\"BBT automotive\",\"description\":\"\",\"publisher\":{\"@id\":\"https:\\\/\\\/bbt-automotive.h35.io\\\/es\\\/#organization\"},\"potentialAction\":[{\"@type\":\"SearchAction\",\"target\":{\"@type\":\"EntryPoint\",\"urlTemplate\":\"https:\\\/\\\/bbt-automotive.h35.io\\\/es\\\/?s={search_term_string}\"},\"query-input\":{\"@type\":\"PropertyValueSpecification\",\"valueRequired\":true,\"valueName\":\"search_term_string\"}}],\"inLanguage\":\"es\"},{\"@type\":\"Organization\",\"@id\":\"https:\\\/\\\/bbt-automotive.h35.io\\\/es\\\/#organization\",\"name\":\"BBT automotive\",\"url\":\"https:\\\/\\\/bbt-automotive.h35.io\\\/es\\\/\",\"logo\":{\"@type\":\"ImageObject\",\"inLanguage\":\"es\",\"@id\":\"https:\\\/\\\/bbt-automotive.h35.io\\\/es\\\/#\\\/schema\\\/logo\\\/image\\\/\",\"url\":\"https:\\\/\\\/bbt-automotive.h35.io\\\/wp-content\\\/uploads\\\/2021\\\/11\\\/Logo-BBT.png\",\"contentUrl\":\"https:\\\/\\\/bbt-automotive.h35.io\\\/wp-content\\\/uploads\\\/2021\\\/11\\\/Logo-BBT.png\",\"width\":188,\"height\":114,\"caption\":\"BBT automotive\"},\"image\":{\"@id\":\"https:\\\/\\\/bbt-automotive.h35.io\\\/es\\\/#\\\/schema\\\/logo\\\/image\\\/\"}}]}<\/script>\n<!-- \/ Yoast SEO plugin. -->","yoast_head_json":{"title":"Noticias - BBT automotive","robots":{"index":"noindex","follow":"follow","max-snippet":"max-snippet:-1","max-image-preview":"max-image-preview:large","max-video-preview":"max-video-preview:-1"},"og_locale":"es_ES","og_type":"article","og_title":"Noticias - BBT automotive","og_description":"SIEMPRE EN MARCHA Noticias Automechanika 2024 BBT expondr\u00e1 en la feria Automechanika de Frankfurt del 10 al 14 de septiembre de 2024. Vis\u00edtenos en nuestro estand A40 de la feria, en el pabell\u00f3n 3.0. Esperamos su visita. Concertar cita en la feria","og_url":"https:\/\/bbt-automotive.h35.io\/es\/noticias\/","og_site_name":"BBT automotive","article_modified_time":"2024-01-08T12:21:20+00:00","og_image":[{"url":"https:\/\/bbt-automotive.h35.io\/wp-content\/uploads\/2022\/12\/Automechanika-2024jpg.jpg","type":"","width":"","height":""}],"twitter_card":"summary_large_image","twitter_misc":{"Tiempo de lectura":"1 minuto"},"schema":{"@context":"https:\/\/schema.org","@graph":[{"@type":"WebPage","@id":"https:\/\/bbt-automotive.h35.io\/es\/noticias\/","url":"https:\/\/bbt-automotive.h35.io\/es\/noticias\/","name":"Noticias - BBT automotive","isPartOf":{"@id":"https:\/\/bbt-automotive.h35.io\/es\/#website"},"primaryImageOfPage":{"@id":"https:\/\/bbt-automotive.h35.io\/es\/noticias\/#primaryimage"},"image":{"@id":"https:\/\/bbt-automotive.h35.io\/es\/noticias\/#primaryimage"},"thumbnailUrl":"https:\/\/bbt-automotive.h35.io\/wp-content\/uploads\/2022\/12\/Automechanika-2024jpg.jpg","datePublished":"2022-07-29T10:09:16+00:00","dateModified":"2024-01-08T12:21:20+00:00","breadcrumb":{"@id":"https:\/\/bbt-automotive.h35.io\/es\/noticias\/#breadcrumb"},"inLanguage":"es","potentialAction":[{"@type":"ReadAction","target":["https:\/\/bbt-automotive.h35.io\/es\/noticias\/"]}]},{"@type":"ImageObject","inLanguage":"es","@id":"https:\/\/bbt-automotive.h35.io\/es\/noticias\/#primaryimage","url":"https:\/\/bbt-automotive.h35.io\/wp-content\/uploads\/2022\/12\/Automechanika-2024jpg.jpg","contentUrl":"https:\/\/bbt-automotive.h35.io\/wp-content\/uploads\/2022\/12\/Automechanika-2024jpg.jpg"},{"@type":"BreadcrumbList","@id":"https:\/\/bbt-automotive.h35.io\/es\/noticias\/#breadcrumb","itemListElement":[{"@type":"ListItem","position":1,"name":"Startseite","item":"https:\/\/bbt-automotive.h35.io\/es\/"},{"@type":"ListItem","position":2,"name":"Noticias"}]},{"@type":"WebSite","@id":"https:\/\/bbt-automotive.h35.io\/es\/#website","url":"https:\/\/bbt-automotive.h35.io\/es\/","name":"BBT automotive","description":"","publisher":{"@id":"https:\/\/bbt-automotive.h35.io\/es\/#organization"},"potentialAction":[{"@type":"SearchAction","target":{"@type":"EntryPoint","urlTemplate":"https:\/\/bbt-automotive.h35.io\/es\/?s={search_term_string}"},"query-input":{"@type":"PropertyValueSpecification","valueRequired":true,"valueName":"search_term_string"}}],"inLanguage":"es"},{"@type":"Organization","@id":"https:\/\/bbt-automotive.h35.io\/es\/#organization","name":"BBT automotive","url":"https:\/\/bbt-automotive.h35.io\/es\/","logo":{"@type":"ImageObject","inLanguage":"es","@id":"https:\/\/bbt-automotive.h35.io\/es\/#\/schema\/logo\/image\/","url":"https:\/\/bbt-automotive.h35.io\/wp-content\/uploads\/2021\/11\/Logo-BBT.png","contentUrl":"https:\/\/bbt-automotive.h35.io\/wp-content\/uploads\/2021\/11\/Logo-BBT.png","width":188,"height":114,"caption":"BBT automotive"},"image":{"@id":"https:\/\/bbt-automotive.h35.io\/es\/#\/schema\/logo\/image\/"}}]}},"_links":{"self":[{"href":"https:\/\/bbt-automotive.h35.io\/es\/wp-json\/wp\/v2\/pages\/15501","targetHints":{"allow":["GET"]}}],"collection":[{"href":"https:\/\/bbt-automotive.h35.io\/es\/wp-json\/wp\/v2\/pages"}],"about":[{"href":"https:\/\/bbt-automotive.h35.io\/es\/wp-json\/wp\/v2\/types\/page"}],"author":[{"embeddable":true,"href":"https:\/\/bbt-automotive.h35.io\/es\/wp-json\/wp\/v2\/users\/3"}],"replies":[{"embeddable":true,"href":"https:\/\/bbt-automotive.h35.io\/es\/wp-json\/wp\/v2\/comments?post=15501"}],"version-history":[{"count":22,"href":"https:\/\/bbt-automotive.h35.io\/es\/wp-json\/wp\/v2\/pages\/15501\/revisions"}],"predecessor-version":[{"id":25775,"href":"https:\/\/bbt-automotive.h35.io\/es\/wp-json\/wp\/v2\/pages\/15501\/revisions\/25775"}],"wp:attachment":[{"href":"https:\/\/bbt-automotive.h35.io\/es\/wp-json\/wp\/v2\/media?parent=15501"}],"curies":[{"name":"wp","href":"https:\/\/api.w.org\/{rel}","templated":true}]}}